{"id":9,"date":"2014-02-26T09:23:11","date_gmt":"2014-02-26T07:23:11","guid":{"rendered":"http:\/\/chemnitz-familie.de\/?page_id=9"},"modified":"2014-10-14T10:00:44","modified_gmt":"2014-10-14T08:00:44","slug":"ziele","status":"publish","type":"page","link":"https:\/\/chemnitz-familie.de\/?page_id=9","title":{"rendered":"Ziele"},"content":{"rendered":"<p><strong>Das Lokale B\u00fcndnis f\u00fcr Familie in Chemnitz verfolgt die Leitziele:<\/strong><\/p>\n<p>a) nachhaltige Verbesserung der Lebensbedingungen von Familien vor Ort<br \/>\nb) Verbesserung der Vereinbarkeit von Familie und Beruf<br \/>\nc) transparente Darstellung der Dienst- und Beratungsleistungen und Erleichterung des Zugangs f\u00fcr Familien<br \/>\nd) Initiierung und Unterst\u00fctzung von konkreten Vorhaben f\u00fcr Familien<\/p>\n<p>Den Rahmen bilden die Grundsatzdokumente <a title=\"Leitbild\" href=\"http:\/\/chemnitz-familie.de\/?page_id=25\">Leitbild<\/a> und <a title=\"B\u00fcndnisvereinbarung\" href=\"http:\/\/chemnitz-familie.de\/?page_id=31\">B\u00fcndnisvereinbarung<\/a>.<\/p>\n<p><strong>Umsetzung<\/strong><\/p>\n<p>Das Lokale B\u00fcndnis f\u00fcr Familie in Chemnitz strebt eine ganzheitliche Herangehensweise an seine Arbeitsschwerpunkte an. Die Themenfelder sind: Steuerung eines Netzwerkes der familienorientierten Organisationen, Transparenz der Dienst- und Beratungsleistungen, um Angebotssuche f\u00fcr Familien zu erleichtern, Konzipierung und Unterst\u00fctzung konkreter Angebote f\u00fcr Familien, eine zielgerichtete Jugendfreizeitarbeit und die Werbung f\u00fcr ein familienorientiertes Arbeitsleben und eine bessere Vereinbarkeit von Familie und Beruf.<\/p>\n<p>Das Lokale B\u00fcndnis f\u00fcr Familie in Chemnitz bildet durch seine Akteurinnen und Akteure aus Verwaltung, Wirtschaft und B\u00fcrgerschaft die drei S\u00e4ulen der Stadt in ihrer ganzen Breite ab. Durch seine Steuerungsfunktion und durch die Angebote der Partnerinnen und Partner erleichtert das B\u00fcndnis Familien in Chemnitz den Zugang zu sozialen Dienstleistungen und unterst\u00fctzt sie dabei, Familie und Beruf besser in Einklang zu bringen. Dar\u00fcber hinaus verbessert das B\u00fcndnis kontinuierlich die Bedingungen f\u00fcr eine effektive Beratung, legt Verfahrensweisen und Dokumente fest und unterst\u00fctzt so Familien bei der Gestaltung ihres Lebensumfeldes.<\/p>\n<p>Das B\u00fcndnis organisiert Veranstaltungen und wirbt mit einer Auszeichnung f\u00fcr besonders familienfreundliche Arbeitgeberinnen und Arbeitgeber f\u00fcr familienorientierte Arbeitsbedingungen in Chemnitzer Unternehmen. In regelm\u00e4\u00dfigen Abst\u00e4nden l\u00e4dt das Lokale B\u00fcndnis f\u00fcr Familie in Chemnitz zum Treffen eines erweiterten Netzwerks \u201eChemnitz \u2013 familienfreundlich!\u201c, um mit den strategischen Partnerinnen und Partnern Leistungen und Vorgehen abzustimmen. Die Anbindung des B\u00fcndnisses an verschiedene Unternehmensnetzwerke in der Region dient zudem einer engeren Zusammenarbeit zwischen Wirtschaft, Verwaltung, Bildungseinrichtungen und Familien, um den gemeinsamen Zielen n\u00e4her zu kommen.<\/p>\n<p>Ein weiteres Angebot des B\u00fcndnisses sind Feriencamps f\u00fcr Schulkinder, mit denen das Lokale B\u00fcndnis einen wesentlichen Beitrag zur Vereinbarkeit von Familie und Beruf leistet. Dar\u00fcber hinaus beteiligte sich das B\u00fcndnis an zwei Integrationsmessen f\u00fcr Migrantinnen und Migranten in Chemnitz.<\/p>\n","protected":false},"excerpt":{"rendered":"<p>Das Lokale B\u00fcndnis f\u00fcr Familie in Chemnitz verfolgt die Leitziele: a) nachhaltige Verbesserung der Lebensbedingungen von Familien vor Ort b) Verbesserung der Vereinbarkeit von Familie und Beruf c) transparente Darstellung der Dienst- und Beratungsleistungen und Erleichterung des Zugangs f\u00fcr Familien d) Initiierung und Unterst\u00fctzung von konkreten Vorhaben f\u00fcr Familien Den Rahmen bilden die Grundsatzdokumente Leitbild und B\u00fcndnisvereinbarung. Umsetzung Das Lokale B\u00fcndnis f\u00fcr Familie in Chemnitz strebt eine ganzheitliche Herangehensweise an seine Arbeitsschwerpunkte an. Die Themenfelder sind: Steuerung eines Netzwerkes der familienorientierten Organisationen, Transparenz der Dienst- und Beratungsleistungen, um Angebotssuche f\u00fcr Familien zu erleichtern, Konzipierung und Unterst\u00fctzung konkreter Angebote f\u00fcr Familien, eine zielgerichtete Jugendfreizeitarbeit und die Werbung f\u00fcr ein familienorientiertes Arbeitsleben und eine bessere Vereinbarkeit von Familie und Beruf. Das Lokale B\u00fcndnis f\u00fcr Familie in Chemnitz bildet durch seine Akteurinnen und Akteure aus Verwaltung, Wirtschaft und B\u00fcrgerschaft die drei S\u00e4ulen der Stadt in ihrer ganzen Breite ab. Durch seine Steuerungsfunktion und durch die Angebote der Partnerinnen und Partner erleichtert das B\u00fcndnis Familien in Chemnitz den Zugang zu sozialen Dienstleistungen und unterst\u00fctzt sie dabei, Familie und Beruf besser in Einklang zu bringen. Dar\u00fcber hinaus verbessert das B\u00fcndnis kontinuierlich die Bedingungen f\u00fcr eine effektive Beratung, legt Verfahrensweisen und Dokumente fest und unterst\u00fctzt so Familien bei der Gestaltung ihres Lebensumfeldes. Das B\u00fcndnis organisiert Veranstaltungen und wirbt mit einer Auszeichnung f\u00fcr besonders familienfreundliche Arbeitgeberinnen und Arbeitgeber f\u00fcr familienorientierte Arbeitsbedingungen in Chemnitzer Unternehmen. In regelm\u00e4\u00dfigen Abst\u00e4nden l\u00e4dt das Lokale B\u00fcndnis f\u00fcr Familie in Chemnitz zum Treffen eines erweiterten Netzwerks \u201eChemnitz \u2013 familienfreundlich!\u201c, um mit den strategischen Partnerinnen und Partnern Leistungen und Vorgehen abzustimmen. Die Anbindung des B\u00fcndnisses an verschiedene Unternehmensnetzwerke in der Region dient zudem einer engeren Zusammenarbeit zwischen Wirtschaft, Verwaltung, Bildungseinrichtungen und Familien, um den gemeinsamen Zielen n\u00e4her zu kommen. Ein weiteres Angebot des B\u00fcndnisses sind Feriencamps f\u00fcr Schulkinder, mit denen das Lokale B\u00fcndnis einen wesentlichen Beitrag zur Vereinbarkeit von Familie und Beruf leistet. Dar\u00fcber hinaus beteiligte sich das B\u00fcndnis an zwei Integrationsmessen f\u00fcr Migrantinnen und Migranten in Chemnitz.<\/p>\n","protected":false},"author":3,"featured_media":0,"parent":0,"menu_order":2,"comment_status":"open","ping_status":"open","template":"template-fullwidth.php","meta":{"footnotes":""},"class_list":["post-9","page","type-page","status-publish","hentry"],"acf":[],"_links":{"self":[{"href":"https:\/\/chemnitz-familie.de\/index.php?rest_route=\/wp\/v2\/pages\/9","targetHints":{"allow":["GET"]}}],"collection":[{"href":"https:\/\/chemnitz-familie.de\/index.php?rest_route=\/wp\/v2\/pages"}],"about":[{"href":"https:\/\/chemnitz-familie.de\/index.php?rest_route=\/wp\/v2\/types\/page"}],"author":[{"embeddable":true,"href":"https:\/\/chemnitz-familie.de\/index.php?rest_route=\/wp\/v2\/users\/3"}],"replies":[{"embeddable":true,"href":"https:\/\/chemnitz-familie.de\/index.php?rest_route=%2Fwp%2Fv2%2Fcomments&post=9"}],"version-history":[{"count":5,"href":"https:\/\/chemnitz-familie.de\/index.php?rest_route=\/wp\/v2\/pages\/9\/revisions"}],"predecessor-version":[{"id":38,"href":"https:\/\/chemnitz-familie.de\/index.php?rest_route=\/wp\/v2\/pages\/9\/revisions\/38"}],"wp:attachment":[{"href":"https:\/\/chemnitz-familie.de\/index.php?rest_route=%2Fwp%2Fv2%2Fmedia&parent=9"}],"curies":[{"name":"wp","href":"https:\/\/api.w.org\/{rel}","templated":true}]}}