{"id":7,"date":"2014-02-26T09:22:54","date_gmt":"2014-02-26T07:22:54","guid":{"rendered":"http:\/\/chemnitz-familie.de\/?page_id=7"},"modified":"2016-08-11T07:41:31","modified_gmt":"2016-08-11T05:41:31","slug":"buendnis","status":"publish","type":"page","link":"https:\/\/chemnitz-familie.de\/?page_id=7","title":{"rendered":"B\u00fcndnis"},"content":{"rendered":"<p>Das Lokale B\u00fcndnis f\u00fcr Familie in Chemnitz (LoB\u00fc-C) wurde am 17. M\u00e4rz 2005 vom DGB Region Chemnitz, der Solaris gGmbH, der IHK Chemnitz, der Initiative S\u00fcdwestsachsen, der Stadtverwaltung und vom Verein zur beruflichen F\u00f6rderung von Frauen in Sachsen gegr\u00fcndet. Mittlerweile hat das B\u00fcndnis dreizehn Mitglieder und sechs strategische Partner.<\/p>\n<p>Das LoB\u00fc-C bildet durch seine Akteurinnen und Akteure aus Verwaltung, Wirtschaft und B\u00fcrgerschaft die drei S\u00e4ulen der Stadt in ihrer Breite ab. Durch seine Steuerungsfunktion und durch die Angebote der Partnerinnen und Partner m\u00f6chte das B\u00fcndnis Familien in Chemnitz den Zugang zu sozialen Dienstleistungen erleichtern und dabei unterst\u00fctzen, Familie und Beruf besser in Einklang zu bringen.<\/p>\n<p>Das LoB\u00fc-C will generationen\u00fcbergreifend, gesellschaftlich und sozial wirken und so die Lebensbedingungen f\u00fcr die Familien vor Ort nachhaltig verbessern. Dazu z\u00e4hlt in erster Linie eine familienorientierte Arbeitswelt, um qualifizierte Fachkr\u00e4fte an die Stadt zu binden. Ein weiterer zentraler Punkt der Agenda des B\u00fcndnisses ist das Miteinander der Generationen. Zudem wollen die Akteurinnen und Akteure Angebote transparenter darstellen, um den Zugang zu Dienst- und Beratungsleistungen in Chemnitz zu erleichtern.<\/p>\n<p>Das LoB\u00fc-C strebt eine ganzheitliche Herangehensweise an seine Arbeitsschwerpunkte an. Wichtige Themenfelder dabei sind Steuerung eines Netzwerkes der familien-orientierten Organisationen, Transparenz der Dienst- und Beratungsleistungen, Konzipierung und Unterst\u00fctzung konkreter Angebote f\u00fcr Familien, eine zielgerichtete Jugendfreizeitarbeit und die Werbung f\u00fcr eine bessere Vereinbarkeit von Familie und Beruf.<\/p>\n<p><strong>Aktuell beteiligen sich am B\u00fcndnis dreizehn operationelle und sechs strategische Partner.<\/strong><\/p>\n<p>Operationelle Partner: AWO Kreisverband Chemnitz und Umgebung e.V. | DGB Stadtverband Chemnitz | CVJM Computerclub e.V. | enviaM | IHK Chemnitz | solaris FZU gGmbH Sachsen | Stadt Chemnitz | Stadtsportbund Chemnitz e.V. | Technische Universit\u00e4t Chemnitz | Wirtschaftsjunioren Chemnitz<\/p>\n<p>Strategische Partner: Gleichstellungsbeauftragte der Stadt Chemnitz, Kinderbeauftragte der Stadt Chemnitz, Quartiersmanager und Gemeinwesenkoordinatoren der Stadt Chemnitz, Stadtelternrat Chemnitz, Stadtplanungsamt Chemnitz, Studentenwerk Chemnitz Zwickau<\/p>\n<p><strong>Organisationsstruktur<\/strong><\/p>\n<p>Steuerungsebene: alle operationellen Partner, vier Sitzungen pro Jahr<\/p>\n<p>Arbeitsebene: 1. AG \u00d6ffentlichkeitsarbeit | 2. AG Familienpreis | 3. AG Kinderbetreuungsmanagement | 4. AG Transparenz der Dienstleistungen | 5. AG Generationen<\/p>\n<p>Die bundesweite Initiative Lokale B\u00fcndnisse f\u00fcr Familie wurde 2004 vom Bundesministerium f\u00fcr Familie, Senioren, Frauen und Jugend ins Leben gerufen (<a href=\"http:\/\/www.lokale-buendnisse-fuer-familie.de\" target=\"_blank\">www.lokale-buendnisse-fuer-familie.de<\/a>). Hier finden Sie die <a href=\"http:\/\/www.lokale-buendnisse-fuer-familie.de\/nc\/ueber-die-initiative\/buendnisse-von-a-bis-z\/buendnis-detailansicht.html?tx_buendnisse_pi2[uid]=217&amp;tx_buendnisse_pi2[kat]=1\" target=\"_blank\">Pr\u00e4sentation des LoB\u00fc-C<\/a>\u00a0auf der Bundesseite.<\/p>\n<p>&nbsp;<\/p>\n","protected":false},"excerpt":{"rendered":"<p>Das Lokale B\u00fcndnis f\u00fcr Familie in Chemnitz (LoB\u00fc-C) wurde am 17. M\u00e4rz 2005 vom DGB Region Chemnitz, der Solaris gGmbH, der IHK Chemnitz, der Initiative S\u00fcdwestsachsen, der Stadtverwaltung und vom Verein zur beruflichen F\u00f6rderung von Frauen in Sachsen gegr\u00fcndet. Mittlerweile hat das B\u00fcndnis dreizehn Mitglieder und sechs strategische Partner. Das LoB\u00fc-C bildet durch seine Akteurinnen und Akteure aus Verwaltung, Wirtschaft und B\u00fcrgerschaft die drei S\u00e4ulen der Stadt in ihrer Breite ab. Durch seine Steuerungsfunktion und durch die Angebote der Partnerinnen und Partner m\u00f6chte das B\u00fcndnis Familien in Chemnitz den Zugang zu sozialen Dienstleistungen erleichtern und dabei unterst\u00fctzen, Familie und Beruf besser in Einklang zu bringen. Das LoB\u00fc-C will generationen\u00fcbergreifend, gesellschaftlich und sozial wirken und so die Lebensbedingungen f\u00fcr die Familien vor Ort nachhaltig verbessern. Dazu z\u00e4hlt in erster Linie eine familienorientierte Arbeitswelt, um qualifizierte Fachkr\u00e4fte an die Stadt zu binden. Ein weiterer zentraler Punkt der Agenda des B\u00fcndnisses ist das Miteinander der Generationen. Zudem wollen die Akteurinnen und Akteure Angebote transparenter darstellen, um den Zugang zu Dienst- und Beratungsleistungen in Chemnitz zu erleichtern. Das LoB\u00fc-C strebt eine ganzheitliche Herangehensweise an seine Arbeitsschwerpunkte an. Wichtige Themenfelder dabei sind Steuerung eines Netzwerkes der familien-orientierten Organisationen, Transparenz der Dienst- und Beratungsleistungen, Konzipierung und Unterst\u00fctzung konkreter Angebote f\u00fcr Familien, eine zielgerichtete Jugendfreizeitarbeit und die Werbung f\u00fcr eine bessere Vereinbarkeit von Familie und Beruf. Aktuell beteiligen sich am B\u00fcndnis dreizehn operationelle und sechs strategische Partner. Operationelle Partner: AWO Kreisverband Chemnitz und Umgebung e.V. | DGB Stadtverband Chemnitz | CVJM Computerclub e.V. | enviaM | IHK Chemnitz | solaris FZU gGmbH Sachsen | Stadt Chemnitz | Stadtsportbund Chemnitz e.V. | Technische Universit\u00e4t Chemnitz | Wirtschaftsjunioren Chemnitz Strategische Partner: Gleichstellungsbeauftragte der Stadt Chemnitz, Kinderbeauftragte der Stadt Chemnitz, Quartiersmanager und Gemeinwesenkoordinatoren der Stadt Chemnitz, Stadtelternrat Chemnitz, Stadtplanungsamt Chemnitz, Studentenwerk Chemnitz Zwickau Organisationsstruktur Steuerungsebene: alle operationellen Partner, vier Sitzungen pro Jahr Arbeitsebene: 1. AG \u00d6ffentlichkeitsarbeit | 2. AG Familienpreis | 3. AG Kinderbetreuungsmanagement | 4. AG Transparenz der Dienstleistungen | 5. AG Generationen Die bundesweite Initiative Lokale B\u00fcndnisse f\u00fcr Familie wurde 2004 vom Bundesministerium f\u00fcr Familie, Senioren, Frauen und Jugend ins Leben gerufen (www.lokale-buendnisse-fuer-familie.de). Hier finden Sie die Pr\u00e4sentation des LoB\u00fc-C\u00a0auf der Bundesseite. &nbsp;<\/p>\n","protected":false},"author":3,"featured_media":0,"parent":0,"menu_order":1,"comment_status":"open","ping_status":"open","template":"template-fullwidth.php","meta":{"footnotes":""},"class_list":["post-7","page","type-page","status-publish","hentry"],"acf":[],"_links":{"self":[{"href":"https:\/\/chemnitz-familie.de\/index.php?rest_route=\/wp\/v2\/pages\/7","targetHints":{"allow":["GET"]}}],"collection":[{"href":"https:\/\/chemnitz-familie.de\/index.php?rest_route=\/wp\/v2\/pages"}],"about":[{"href":"https:\/\/chemnitz-familie.de\/index.php?rest_route=\/wp\/v2\/types\/page"}],"author":[{"embeddable":true,"href":"https:\/\/chemnitz-familie.de\/index.php?rest_route=\/wp\/v2\/users\/3"}],"replies":[{"embeddable":true,"href":"https:\/\/chemnitz-familie.de\/index.php?rest_route=%2Fwp%2Fv2%2Fcomments&post=7"}],"version-history":[{"count":13,"href":"https:\/\/chemnitz-familie.de\/index.php?rest_route=\/wp\/v2\/pages\/7\/revisions"}],"predecessor-version":[{"id":515,"href":"https:\/\/chemnitz-familie.de\/index.php?rest_route=\/wp\/v2\/pages\/7\/revisions\/515"}],"wp:attachment":[{"href":"https:\/\/chemnitz-familie.de\/index.php?rest_route=%2Fwp%2Fv2%2Fmedia&parent=7"}],"curies":[{"name":"wp","href":"https:\/\/api.w.org\/{rel}","templated":true}]}}