{"id":59,"date":"2014-02-26T10:02:21","date_gmt":"2014-02-26T08:02:21","guid":{"rendered":"http:\/\/chemnitz-familie.de\/?page_id=59"},"modified":"2015-08-13T15:58:37","modified_gmt":"2015-08-13T13:58:37","slug":"bewerbervorschlag","status":"publish","type":"page","link":"https:\/\/chemnitz-familie.de\/?page_id=59","title":{"rendered":"Bewerbervorschlag"},"content":{"rendered":"<h4><span style=\"color: #ff0000;\"><strong>Bitte beachten Sie, dass die Frist f\u00fcr die Abgabe von Bewerbungen am 31. Juli 2015 abgelaufen ist!<\/strong><\/span><\/h4>\n<h4><strong>Aufruf zur Bewerbung<\/strong><\/h4>\n<p><strong>\u201eFamilienfreundliches Unternehmen in Chemnitz 2015\u201c<\/strong><\/p>\n<p>Der Preis \u201eFamilienfreundliches Unternehmen in Chemnitz 2015\u201c des Lokalen B\u00fcndnisses f\u00fcr Familie in Chemnitz (Lob\u00fc-C) richtet sich an alle Unternehmen mit Sitz oder Betriebsst\u00e4tte in Chemnitz. Die Auswahl f\u00fcr den Preis erfolgt in drei Phasen:<\/p>\n<p style=\"padding-left: 30px;\"><span style=\"line-height: 1.5em;\">1. Schriftlicher Bewerbervorschlag bis 31. Juli 2015<\/span><br \/>\n<span style=\"line-height: 1.5em;\">2. Juryentscheidung inklusive Vor-Ort-Besuch der ausgew\u00e4hlten Unternehmen<\/span><br \/>\n<span style=\"line-height: 1.5em;\">3. Die Preisverleihung wird am 29. August 2015 im Rahmen des Stadtfestes Chemnitz stattfinden.<br \/>\n<\/span><\/p>\n<p>Einsendeschluss f\u00fcr Ihre Bewerbervorschl\u00e4ge ist der 31. Juli 2015. Der Rechtsweg ist ausgeschlossen. Mitglieder des Lokalen B\u00fcndnisses f\u00fcr Familie in Chemnitz sind nicht teilnahmeberechtigt.<\/p>\n<p><strong>Datenschutzhinweis<\/strong><br \/>\nAlle Daten und Angaben werden vertraulich behandelt und nur im Rahmen des Wettbewerbes verwendet. Sie werden nicht f\u00fcr andere Zwecke vorgehalten oder weitergegeben. Nach dem Auswahlverfahren werden alle Daten gel\u00f6scht.<\/p>\n<p>&nbsp;<\/p>\n<p><strong>Anforderung an den Bewerbervorschlag<\/strong><\/p>\n<h5>\u00a01.<br \/>\nDer Bewerbervorschlag soll durch Erf\u00fcllung von mindestens einem der folgenden Kriterien f\u00fcr Familienfreundlichkeit in Unternehmen begr\u00fcndet sein. Nat\u00fcrlich k\u00f6nnen auch weitere Kriterien benannt werden.<\/h5>\n<p><strong>Flexible Arbeitszeiten<\/strong> (am Tag, in der Woche oder im Jahr; M\u00f6glichkeiten f\u00fcr Sabbaticals; Zeitguthaben; Beurlaubungsoptionen; Sonderschichtregelungen f\u00fcr junge Eltern u.\u00e4.)<\/p>\n<p><strong>Flexibler Arbeitsort<\/strong> (Telearbeit; flexible Gestaltung des Arbeitsortes o.\u00e4.)<\/p>\n<p><strong>Elternzeit\/Wiedereinstieg<\/strong> (Fortbildung w\u00e4hrend der Elternzeit; Mentoring f\u00fcr M\u00fctter und V\u00e4ter in Elternzeit; Einladung zu Veranstaltungen; Unterst\u00fctzung bei Wiedereinstieg; Besch\u00e4ftigungsm\u00f6glichkeiten w\u00e4hrend der Elternzeit; Einstellung von Alleinerziehenden; Arbeitsplatzgarantie bei vorzeitiger R\u00fcckkehr; vor\u00fcbergehende Teilzeitregelungen u.\u00e4.)<\/p>\n<p><strong>Kinderbetreuung<\/strong> (Betriebskindergarten oder betriebliche Betreuungspl\u00e4tze; Eltern \u2013 Kind \u2013 Arbeitszimmer; Ferienangebote f\u00fcr Kinder der MitarbeiterInnen; Unternehmensinterne Kinderbetreuung o.\u00e4.)<\/p>\n<p><strong>Finanzielle Leistungen<\/strong> (betriebliches Kindergeld; Zusch\u00fcsse zu Kinderbetreuungskosten; Zusch\u00fcsse zu Ferien-camps; Sponsoring von Freizeitangeboten o.\u00e4.)<\/p>\n<p><strong>Familien &#8211; und Mitarbeiterservice<\/strong> (Angebote der gesundheitlichen Betreuung; Vermittlung von Kinderbetreu-ungspl\u00e4tzen, Haushaltshilfen, Babysittern oder Pflegedienst f\u00fcr Angeh\u00f6rige; Erm\u00f6glichung von Pflegezeit; be-vorzugte Urlaubsregelung f\u00fcr Familien; betriebliche Sozialberatung u.\u00e4.)<\/p>\n<p><strong>Soziales und unternehmerisches Engagement<\/strong> (Beteiligung an Ausbildung; Bereitschaft zu Patenschaften mit Kindertageseinrichtungen, Schulen, Pflegeheimen oder Familientreffs; M\u00f6glichkeiten f\u00fcr Sch\u00fclerpraktika und Ferienjobs; Beteiligung an Berufsorientierungsangeboten; Einbindung von Familienangeh\u00f6rigen bei betriebli-chen Angeboten o.\u00e4.)<\/p>\n<h5>2.<br \/>\nDas vorgeschlagene Unternehmen hat seinen Sitz oder zumindest den Sitz einer Betriebsst\u00e4tte in der Stadt Chemnitz.<\/h5>\n<h5>3.<br \/>\nRechtsform der vorgeschlagenen Organisation, Betriebsgr\u00f6\u00dfe und Gesch\u00e4ftsfeld sind nicht ma\u00dfgeblich. Vorgeschlagen werden k\u00f6nnen also zum Beispiel auch selbstst\u00e4ndige Einzelunternehmerinnen und \u2013unternehmer, gemeinn\u00fctzige Organisationen wie Vereine und Verb\u00e4nde oder einzelne Betriebsteile von Gro\u00dfunternehmen.<\/h5>\n<p><strong>Bewerbervorschlag<\/strong> f\u00fcr den Preis \u201eFamilienfreundliches Unternehmen in Chemnitz 2015\u201c<\/p>\n\n<div class=\"wpcf7 no-js\" id=\"wpcf7-f5-o1\" lang=\"de-DE\" dir=\"ltr\" data-wpcf7-id=\"5\">\n<div class=\"screen-reader-response\"><p role=\"status\" aria-live=\"polite\" aria-atomic=\"true\"><\/p> <ul><\/ul><\/div>\n<form action=\"\/index.php?rest_route=%2Fwp%2Fv2%2Fpages%2F59#wpcf7-f5-o1\" method=\"post\" class=\"wpcf7-form init\" aria-label=\"Kontaktformular\" novalidate=\"novalidate\" data-status=\"init\">\n<fieldset class=\"hidden-fields-container\"><input type=\"hidden\" name=\"_wpcf7\" value=\"5\" \/><input type=\"hidden\" name=\"_wpcf7_version\" value=\"6.1\" \/><input type=\"hidden\" name=\"_wpcf7_locale\" value=\"de_DE\" \/><input type=\"hidden\" name=\"_wpcf7_unit_tag\" value=\"wpcf7-f5-o1\" \/><input type=\"hidden\" name=\"_wpcf7_container_post\" value=\"0\" \/><input type=\"hidden\" name=\"_wpcf7_posted_data_hash\" value=\"\" \/>\n<\/fieldset>\n<p>Name des Arbeitgebers \/ Unternehmens \/ Vereins*<br \/>\n<span class=\"wpcf7-form-control-wrap\" data-name=\"Arbeitgeber\"><input size=\"87\" maxlength=\"400\" class=\"wpcf7-form-control wpcf7-text wpcf7-validates-as-required\" aria-required=\"true\" aria-invalid=\"false\" value=\"\" type=\"text\" name=\"Arbeitgeber\" \/><\/span>\n<\/p>\n<table>\n\t<tr>\n\t\t<td>\n\t\t\t<p>Stra\u00dfe*\n\t\t\t<\/p>\n\t\t<\/td>\n\t\t<td>\n\t\t\t<p>Hausnummer*\n\t\t\t<\/p>\n\t\t<\/td>\n\t<\/tr>\n\t<tr>\n\t\t<td>\n\t\t\t<p><span class=\"wpcf7-form-control-wrap\" data-name=\"strasse\"><input size=\"40\" maxlength=\"400\" class=\"wpcf7-form-control wpcf7-text wpcf7-validates-as-required\" aria-required=\"true\" aria-invalid=\"false\" value=\"\" type=\"text\" name=\"strasse\" \/><\/span>\n\t\t\t<\/p>\n\t\t<\/td>\n\t\t<td>\n\t\t\t<p><span class=\"wpcf7-form-control-wrap\" data-name=\"Hausnummer\"><input size=\"40\" maxlength=\"400\" class=\"wpcf7-form-control wpcf7-text wpcf7-validates-as-required\" aria-required=\"true\" aria-invalid=\"false\" value=\"\" type=\"text\" name=\"Hausnummer\" \/><\/span>\n\t\t\t<\/p>\n\t\t<\/td>\n\t<\/tr>\n\t<tr>\n\t\t<td>\n\t\t\t<p>PLZ*\n\t\t\t<\/p>\n\t\t<\/td>\n\t\t<td>\n\t\t\t<p>Ort*\n\t\t\t<\/p>\n\t\t<\/td>\n\t<\/tr>\n\t<tr>\n\t\t<td>\n\t\t\t<p><span class=\"wpcf7-form-control-wrap\" data-name=\"plz\"><input size=\"40\" maxlength=\"400\" class=\"wpcf7-form-control wpcf7-text wpcf7-validates-as-required\" aria-required=\"true\" aria-invalid=\"false\" value=\"\" type=\"text\" name=\"plz\" \/><\/span>\n\t\t\t<\/p>\n\t\t<\/td>\n\t\t<td>\n\t\t\t<p><span class=\"wpcf7-form-control-wrap\" data-name=\"ort\"><input size=\"40\" maxlength=\"400\" class=\"wpcf7-form-control wpcf7-text wpcf7-validates-as-required\" aria-required=\"true\" aria-invalid=\"false\" value=\"\" type=\"text\" name=\"ort\" \/><\/span>\n\t\t\t<\/p>\n\t\t<\/td>\n\t<\/tr>\n\t<tr>\n\t\t<td>\n\t\t\t<p>Telefon\n\t\t\t<\/p>\n\t\t<\/td>\n\t\t<td>\n\t\t\t<p>Fax\n\t\t\t<\/p>\n\t\t<\/td>\n\t<\/tr>\n\t<tr>\n\t\t<td>\n\t\t\t<p><span class=\"wpcf7-form-control-wrap\" data-name=\"telefon\"><input size=\"40\" maxlength=\"400\" class=\"wpcf7-form-control wpcf7-text\" aria-invalid=\"false\" value=\"\" type=\"text\" name=\"telefon\" \/><\/span>\n\t\t\t<\/p>\n\t\t<\/td>\n\t\t<td>\n\t\t\t<p><span class=\"wpcf7-form-control-wrap\" data-name=\"fax\"><input size=\"40\" maxlength=\"400\" class=\"wpcf7-form-control wpcf7-text\" aria-invalid=\"false\" value=\"\" type=\"text\" name=\"fax\" \/><\/span>\n\t\t\t<\/p>\n\t\t<\/td>\n\t<\/tr>\n\t<tr>\n\t\t<td>\n\t\t\t<p>E-Mail\n\t\t\t<\/p>\n\t\t<\/td>\n\t\t<td>\n\t\t\t<p>Internetadresse\n\t\t\t<\/p>\n\t\t<\/td>\n\t<\/tr>\n\t<tr>\n\t\t<td>\n\t\t\t<p><span class=\"wpcf7-form-control-wrap\" data-name=\"mail\"><input size=\"40\" maxlength=\"400\" class=\"wpcf7-form-control wpcf7-text\" aria-invalid=\"false\" value=\"\" type=\"text\" name=\"mail\" \/><\/span>\n\t\t\t<\/p>\n\t\t<\/td>\n\t\t<td>\n\t\t\t<p><span class=\"wpcf7-form-control-wrap\" data-name=\"net\"><input size=\"40\" maxlength=\"400\" class=\"wpcf7-form-control wpcf7-text\" aria-invalid=\"false\" value=\"\" type=\"text\" name=\"net\" \/><\/span>\n\t\t\t<\/p>\n\t\t<\/td>\n\t<\/tr>\n<\/table>\n<p>Vorgeschlagen, weil<br \/>\n<span class=\"wpcf7-form-control-wrap\" data-name=\"vorschlaggrund\"><textarea cols=\"71\" rows=\"15\" maxlength=\"2000\" class=\"wpcf7-form-control wpcf7-textarea\" aria-invalid=\"false\" name=\"vorschlaggrund\"><\/textarea><\/span>\n<\/p>\n<p>Absender\/Einreicher\/-in\n<\/p>\n<table>\n\t<tr>\n\t\t<td>\n\t\t\t<p>Name*\n\t\t\t<\/p>\n\t\t<\/td>\n\t\t<td>\n\t\t\t<p>Vorname*\n\t\t\t<\/p>\n\t\t<\/td>\n\t<\/tr>\n\t<tr>\n\t\t<td>\n\t\t\t<p><span class=\"wpcf7-form-control-wrap\" data-name=\"name-e\"><input size=\"40\" maxlength=\"400\" class=\"wpcf7-form-control wpcf7-text wpcf7-validates-as-required\" aria-required=\"true\" aria-invalid=\"false\" value=\"\" type=\"text\" name=\"name-e\" \/><\/span>\n\t\t\t<\/p>\n\t\t<\/td>\n\t\t<td>\n\t\t\t<p><span class=\"wpcf7-form-control-wrap\" data-name=\"vorname-e\"><input size=\"40\" maxlength=\"400\" class=\"wpcf7-form-control wpcf7-text wpcf7-validates-as-required\" aria-required=\"true\" aria-invalid=\"false\" value=\"\" type=\"text\" name=\"vorname-e\" \/><\/span>\n\t\t\t<\/p>\n\t\t<\/td>\n\t<\/tr>\n\t<tr>\n\t\t<td>\n\t\t\t<p>Stra\u00dfe*\n\t\t\t<\/p>\n\t\t<\/td>\n\t\t<td>\n\t\t\t<p>Hausnummer*\n\t\t\t<\/p>\n\t\t<\/td>\n\t<\/tr>\n\t<tr>\n\t\t<td>\n\t\t\t<p><span class=\"wpcf7-form-control-wrap\" data-name=\"strasse-e\"><input size=\"40\" maxlength=\"400\" class=\"wpcf7-form-control wpcf7-text wpcf7-validates-as-required\" aria-required=\"true\" aria-invalid=\"false\" value=\"\" type=\"text\" name=\"strasse-e\" \/><\/span>\n\t\t\t<\/p>\n\t\t<\/td>\n\t\t<td>\n\t\t\t<p><span class=\"wpcf7-form-control-wrap\" data-name=\"Hausnummer-e\"><input size=\"40\" maxlength=\"400\" class=\"wpcf7-form-control wpcf7-text wpcf7-validates-as-required\" aria-required=\"true\" aria-invalid=\"false\" value=\"\" type=\"text\" name=\"Hausnummer-e\" \/><\/span>\n\t\t\t<\/p>\n\t\t<\/td>\n\t<\/tr>\n\t<tr>\n\t\t<td>\n\t\t\t<p>PLZ*\n\t\t\t<\/p>\n\t\t<\/td>\n\t\t<td>\n\t\t\t<p>Ort*\n\t\t\t<\/p>\n\t\t<\/td>\n\t<\/tr>\n\t<tr>\n\t\t<td>\n\t\t\t<p><span class=\"wpcf7-form-control-wrap\" data-name=\"plz-e\"><input size=\"40\" maxlength=\"400\" class=\"wpcf7-form-control wpcf7-text wpcf7-validates-as-required\" aria-required=\"true\" aria-invalid=\"false\" value=\"\" type=\"text\" name=\"plz-e\" \/><\/span>\n\t\t\t<\/p>\n\t\t<\/td>\n\t\t<td>\n\t\t\t<p><span class=\"wpcf7-form-control-wrap\" data-name=\"ort-e\"><input size=\"40\" maxlength=\"400\" class=\"wpcf7-form-control wpcf7-text wpcf7-validates-as-required\" aria-required=\"true\" aria-invalid=\"false\" value=\"\" type=\"text\" name=\"ort-e\" \/><\/span>\n\t\t\t<\/p>\n\t\t<\/td>\n\t<\/tr>\n\t<tr>\n\t\t<td>\n\t\t\t<p>Telefon\n\t\t\t<\/p>\n\t\t<\/td>\n\t\t<td>\n\t\t\t<p>E-Mail\n\t\t\t<\/p>\n\t\t<\/td>\n\t<\/tr>\n\t<tr>\n\t\t<td>\n\t\t\t<p><span class=\"wpcf7-form-control-wrap\" data-name=\"telefon-e\"><input size=\"40\" maxlength=\"400\" class=\"wpcf7-form-control wpcf7-text\" aria-invalid=\"false\" value=\"\" type=\"text\" name=\"telefon-e\" \/><\/span>\n\t\t\t<\/p>\n\t\t<\/td>\n\t\t<td>\n\t\t\t<p><span class=\"wpcf7-form-control-wrap\" data-name=\"mail-e\"><input size=\"40\" maxlength=\"400\" class=\"wpcf7-form-control wpcf7-text\" aria-invalid=\"false\" value=\"\" type=\"text\" name=\"mail-e\" \/><\/span>\n\t\t\t<\/p>\n\t\t<\/td>\n\t<\/tr>\n<\/table>\n<p>* zwingend erforderliche Angaben\n<\/p>\n<p>Wie sind Sie auf den Wettbewerb aufmerksam geworden?<br \/>\n<span class=\"wpcf7-form-control-wrap\" data-name=\"aufmerksam\"><span class=\"wpcf7-form-control wpcf7-radio\"><span class=\"wpcf7-list-item first\"><input type=\"radio\" name=\"aufmerksam\" value=\"Flyer\" \/><span class=\"wpcf7-list-item-label\">Flyer<\/span><\/span><span class=\"wpcf7-list-item\"><input type=\"radio\" name=\"aufmerksam\" value=\"Presse\" \/><span class=\"wpcf7-list-item-label\">Presse<\/span><\/span><span class=\"wpcf7-list-item last\"><input type=\"radio\" name=\"aufmerksam\" value=\"Sonstiges:\" \/><span class=\"wpcf7-list-item-label\">Sonstiges:<\/span><\/span><\/span><\/span><span class=\"wpcf7-form-control-wrap\" data-name=\"sonstiges\"><input size=\"40\" maxlength=\"400\" class=\"wpcf7-form-control wpcf7-text\" aria-invalid=\"false\" value=\"\" type=\"text\" name=\"sonstiges\" \/><\/span>\n<\/p>\n<p><input class=\"wpcf7-form-control wpcf7-submit has-spinner\" type=\"submit\" value=\"Abschicken\" \/>\n<\/p><div class=\"wpcf7-response-output\" aria-hidden=\"true\"><\/div>\n<\/form>\n<\/div>\n\n","protected":false},"excerpt":{"rendered":"<p>Bitte beachten Sie, dass die Frist f\u00fcr die Abgabe von Bewerbungen am 31. Juli 2015 abgelaufen ist! Aufruf zur Bewerbung \u201eFamilienfreundliches Unternehmen in Chemnitz 2015\u201c Der Preis \u201eFamilienfreundliches Unternehmen in Chemnitz 2015\u201c des Lokalen B\u00fcndnisses f\u00fcr Familie in Chemnitz (Lob\u00fc-C) richtet sich an alle Unternehmen mit Sitz oder Betriebsst\u00e4tte in Chemnitz. Die Auswahl f\u00fcr den Preis erfolgt in drei Phasen: 1. Schriftlicher Bewerbervorschlag bis 31. Juli 2015 2. Juryentscheidung inklusive Vor-Ort-Besuch der ausgew\u00e4hlten Unternehmen 3. Die Preisverleihung wird am 29. August 2015 im Rahmen des Stadtfestes Chemnitz stattfinden. Einsendeschluss f\u00fcr Ihre Bewerbervorschl\u00e4ge ist der 31. Juli 2015. Der Rechtsweg ist ausgeschlossen. Mitglieder des Lokalen B\u00fcndnisses f\u00fcr Familie in Chemnitz sind nicht teilnahmeberechtigt. Datenschutzhinweis Alle Daten und Angaben werden vertraulich behandelt und nur im Rahmen des Wettbewerbes verwendet. Sie werden nicht f\u00fcr andere Zwecke vorgehalten oder weitergegeben. Nach dem Auswahlverfahren werden alle Daten gel\u00f6scht. &nbsp; Anforderung an den Bewerbervorschlag \u00a01. Der Bewerbervorschlag soll durch Erf\u00fcllung von mindestens einem der folgenden Kriterien f\u00fcr Familienfreundlichkeit in Unternehmen begr\u00fcndet sein. Nat\u00fcrlich k\u00f6nnen auch weitere Kriterien benannt werden. Flexible Arbeitszeiten (am Tag, in der Woche oder im Jahr; M\u00f6glichkeiten f\u00fcr Sabbaticals; Zeitguthaben; Beurlaubungsoptionen; Sonderschichtregelungen f\u00fcr junge Eltern u.\u00e4.) Flexibler Arbeitsort (Telearbeit; flexible Gestaltung des Arbeitsortes o.\u00e4.) Elternzeit\/Wiedereinstieg (Fortbildung w\u00e4hrend der Elternzeit; Mentoring f\u00fcr M\u00fctter und V\u00e4ter in Elternzeit; Einladung zu Veranstaltungen; Unterst\u00fctzung bei Wiedereinstieg; Besch\u00e4ftigungsm\u00f6glichkeiten w\u00e4hrend der Elternzeit; Einstellung von Alleinerziehenden; Arbeitsplatzgarantie bei vorzeitiger R\u00fcckkehr; vor\u00fcbergehende Teilzeitregelungen u.\u00e4.) Kinderbetreuung (Betriebskindergarten oder betriebliche Betreuungspl\u00e4tze; Eltern \u2013 Kind \u2013 Arbeitszimmer; Ferienangebote f\u00fcr Kinder der MitarbeiterInnen; Unternehmensinterne Kinderbetreuung o.\u00e4.) Finanzielle Leistungen (betriebliches Kindergeld; Zusch\u00fcsse zu Kinderbetreuungskosten; Zusch\u00fcsse zu Ferien-camps; Sponsoring von Freizeitangeboten o.\u00e4.) Familien &#8211; und Mitarbeiterservice (Angebote der gesundheitlichen Betreuung; Vermittlung von Kinderbetreu-ungspl\u00e4tzen, Haushaltshilfen, Babysittern oder Pflegedienst f\u00fcr Angeh\u00f6rige; Erm\u00f6glichung von Pflegezeit; be-vorzugte Urlaubsregelung f\u00fcr Familien; betriebliche Sozialberatung u.\u00e4.) Soziales und unternehmerisches Engagement (Beteiligung an Ausbildung; Bereitschaft zu Patenschaften mit Kindertageseinrichtungen, Schulen, Pflegeheimen oder Familientreffs; M\u00f6glichkeiten f\u00fcr Sch\u00fclerpraktika und Ferienjobs; Beteiligung an Berufsorientierungsangeboten; Einbindung von Familienangeh\u00f6rigen bei betriebli-chen Angeboten o.\u00e4.) 2. Das vorgeschlagene Unternehmen hat seinen Sitz oder zumindest den Sitz einer Betriebsst\u00e4tte in der Stadt Chemnitz. 3. Rechtsform der vorgeschlagenen Organisation, Betriebsgr\u00f6\u00dfe und Gesch\u00e4ftsfeld sind nicht ma\u00dfgeblich. Vorgeschlagen werden k\u00f6nnen also zum Beispiel auch selbstst\u00e4ndige Einzelunternehmerinnen und \u2013unternehmer, gemeinn\u00fctzige Organisationen wie Vereine und Verb\u00e4nde oder einzelne Betriebsteile von Gro\u00dfunternehmen. Bewerbervorschlag f\u00fcr den Preis \u201eFamilienfreundliches Unternehmen in Chemnitz 2015\u201c<\/p>\n","protected":false},"author":3,"featured_media":0,"parent":0,"menu_order":0,"comment_status":"open","ping_status":"open","template":"template-fullwidth.php","meta":{"footnotes":""},"class_list":["post-59","page","type-page","status-publish","hentry"],"acf":[],"_links":{"self":[{"href":"https:\/\/chemnitz-familie.de\/index.php?rest_route=\/wp\/v2\/pages\/59","targetHints":{"allow":["GET"]}}],"collection":[{"href":"https:\/\/chemnitz-familie.de\/index.php?rest_route=\/wp\/v2\/pages"}],"about":[{"href":"https:\/\/chemnitz-familie.de\/index.php?rest_route=\/wp\/v2\/types\/page"}],"author":[{"embeddable":true,"href":"https:\/\/chemnitz-familie.de\/index.php?rest_route=\/wp\/v2\/users\/3"}],"replies":[{"embeddable":true,"href":"https:\/\/chemnitz-familie.de\/index.php?rest_route=%2Fwp%2Fv2%2Fcomments&post=59"}],"version-history":[{"count":23,"href":"https:\/\/chemnitz-familie.de\/index.php?rest_route=\/wp\/v2\/pages\/59\/revisions"}],"predecessor-version":[{"id":489,"href":"https:\/\/chemnitz-familie.de\/index.php?rest_route=\/wp\/v2\/pages\/59\/revisions\/489"}],"wp:attachment":[{"href":"https:\/\/chemnitz-familie.de\/index.php?rest_route=%2Fwp%2Fv2%2Fmedia&parent=59"}],"curies":[{"name":"wp","href":"https:\/\/api.w.org\/{rel}","templated":true}]}}