{"id":41,"date":"2014-02-26T09:48:51","date_gmt":"2014-02-26T07:48:51","guid":{"rendered":"http:\/\/chemnitz-familie.de\/?page_id=41"},"modified":"2018-05-24T09:56:34","modified_gmt":"2018-05-24T07:56:34","slug":"impressum","status":"publish","type":"page","link":"https:\/\/chemnitz-familie.de\/?page_id=41","title":{"rendered":"Impressum"},"content":{"rendered":"<p>Lokales B\u00fcndnis f\u00fcr Familien in Chemnitz (Lob\u00fc-C)<b><\/b><\/p>\n<p>Angaben gem\u00e4\u00df \u00a7 5 TMG:<br \/>\nsolaris F\u00f6rderzentrum f\u00fcr Jugend und Umwelt gGmbH Sachsen<\/p>\n<p class=\"bodytext\"><b>Postanschrift:<\/b><br \/>\nNeefestra\u00dfe 88<br \/>\n09119 Chemnitz<\/p>\n<p class=\"bodytext\"><b>Kontakt:<br \/>\n<\/b>Telefon: +49 (0) 371 &#8211; 36 85 500<br \/>\nTelefax: +49 (0) 371 &#8211; 36 85 510<br \/>\nEmail: kontakt(at)solaris-fzu.de | Web: <a style=\"color: #6e6e6e;\" href=\"http:\/\/www.solaris-fzu.de\" target=\"_blank\">www.solaris-fzu.de<\/a><\/p>\n<p class=\"bodytext\"><b>Vertreten durch:<\/b><br \/>\nGesch\u00e4ftsf\u00fchrer Gert Gauder und Robert-Alexander Schwegler<\/p>\n<p class=\"bodytext\"><b>Eingetragen am<\/b><br \/>\nAmtsgericht Chemnitz<br \/>\nHRB 9783<\/p>\n<p class=\"bodytext\"><b>Umsatzsteuer-Identifikationsnummer<\/b><br \/>\nDE 161437076<\/p>\n<p class=\"bodytext\"><b>Urheberrechtliche Hinweise<\/b><br \/>\nFotorechte liegen bei solaris FZU gGmbH Sachsen<\/p>\n<p class=\"bodytext\"><i>Das Impressum wurde mit dem Impressums-Generator der activeMind AG erstellt.<\/i><\/p>\n<p>Die Informationen auf dieser Website werden durch uns regelm\u00e4\u00dfig gepr\u00fcft und aktualisiert. Dennoch \u00fcbernehmen wir keine Garantie daf\u00fcr, dass alle Angaben jederzeit vollst\u00e4ndig, richtig und aktuell sind. Alle Angaben k\u00f6nnen ohne vorherige Ank\u00fcndigung erg\u00e4nzt, entfernt oder ge\u00e4ndert werden. Trotz sorgf\u00e4ltiger Pr\u00fcfung unserer Partner haben wir keinen Einfluss auf Inhalt und Gestaltung verlinkter Webseiten. Wir distanzieren uns deshalb hiermit ausdr\u00fccklich von diesen Inhalten und \u00fcbernehmen daf\u00fcr keine Verantwortung.<\/p>\n","protected":false},"excerpt":{"rendered":"<p>Lokales B\u00fcndnis f\u00fcr Familien in Chemnitz (Lob\u00fc-C) Angaben gem\u00e4\u00df \u00a7 5 TMG: solaris F\u00f6rderzentrum f\u00fcr Jugend und Umwelt gGmbH Sachsen Postanschrift: Neefestra\u00dfe 88 09119 Chemnitz Kontakt: Telefon: +49 (0) 371 &#8211; 36 85 500 Telefax: +49 (0) 371 &#8211; 36 85 510 Email: kontakt(at)solaris-fzu.de | Web: www.solaris-fzu.de Vertreten durch: Gesch\u00e4ftsf\u00fchrer Gert Gauder und Robert-Alexander Schwegler Eingetragen am Amtsgericht Chemnitz HRB 9783 Umsatzsteuer-Identifikationsnummer DE 161437076 Urheberrechtliche Hinweise Fotorechte liegen bei solaris FZU gGmbH Sachsen Das Impressum wurde mit dem Impressums-Generator der activeMind AG erstellt. Die Informationen auf dieser Website werden durch uns regelm\u00e4\u00dfig gepr\u00fcft und aktualisiert. Dennoch \u00fcbernehmen wir keine Garantie daf\u00fcr, dass alle Angaben jederzeit vollst\u00e4ndig, richtig und aktuell sind. Alle Angaben k\u00f6nnen ohne vorherige Ank\u00fcndigung erg\u00e4nzt, entfernt oder ge\u00e4ndert werden. Trotz sorgf\u00e4ltiger Pr\u00fcfung unserer Partner haben wir keinen Einfluss auf Inhalt und Gestaltung verlinkter Webseiten. Wir distanzieren uns deshalb hiermit ausdr\u00fccklich von diesen Inhalten und \u00fcbernehmen daf\u00fcr keine Verantwortung.<\/p>\n","protected":false},"author":3,"featured_media":0,"parent":0,"menu_order":0,"comment_status":"open","ping_status":"open","template":"template-fullwidth.php","meta":{"footnotes":""},"class_list":["post-41","page","type-page","status-publish","hentry"],"acf":[],"_links":{"self":[{"href":"https:\/\/chemnitz-familie.de\/index.php?rest_route=\/wp\/v2\/pages\/41","targetHints":{"allow":["GET"]}}],"collection":[{"href":"https:\/\/chemnitz-familie.de\/index.php?rest_route=\/wp\/v2\/pages"}],"about":[{"href":"https:\/\/chemnitz-familie.de\/index.php?rest_route=\/wp\/v2\/types\/page"}],"author":[{"embeddable":true,"href":"https:\/\/chemnitz-familie.de\/index.php?rest_route=\/wp\/v2\/users\/3"}],"replies":[{"embeddable":true,"href":"https:\/\/chemnitz-familie.de\/index.php?rest_route=%2Fwp%2Fv2%2Fcomments&post=41"}],"version-history":[{"count":11,"href":"https:\/\/chemnitz-familie.de\/index.php?rest_route=\/wp\/v2\/pages\/41\/revisions"}],"predecessor-version":[{"id":719,"href":"https:\/\/chemnitz-familie.de\/index.php?rest_route=\/wp\/v2\/pages\/41\/revisions\/719"}],"wp:attachment":[{"href":"https:\/\/chemnitz-familie.de\/index.php?rest_route=%2Fwp%2Fv2%2Fmedia&parent=41"}],"curies":[{"name":"wp","href":"https:\/\/api.w.org\/{rel}","templated":true}]}}