{"id":31,"date":"2014-02-26T09:41:10","date_gmt":"2014-02-26T07:41:10","guid":{"rendered":"http:\/\/chemnitz-familie.de\/?page_id=31"},"modified":"2014-02-26T09:42:49","modified_gmt":"2014-02-26T07:42:49","slug":"buendnisvereinbarung","status":"publish","type":"page","link":"https:\/\/chemnitz-familie.de\/?page_id=31","title":{"rendered":"B\u00fcndnisvereinbarung"},"content":{"rendered":"<ol>\n<li>Das B\u00fcndnis tr\u00e4gt die Bezeichnung \u201eLokales B\u00fcndnis f\u00fcr Familie in Chemnitz (LoB\u00fc-C)\u201c.<\/li>\n<li>Die B\u00fcndnispartner verst\u00e4ndigen sich auf ein Leitbild und unterst\u00fctzen die Umsetzung.<\/li>\n<li>Das B\u00fcndnis einigt sich auf ein Logo, das von allen Mitgliedern genutzt werden kann.<\/li>\n<li>Alle Partner sind gleichberechtigt.<\/li>\n<li>\u00dcber die Aufnahme neuer Partner entscheiden die Mitglieder mehrheitlich.<\/li>\n<li>Allen Partnern wird die Mitgliedschaft schriftlich best\u00e4tigt.<\/li>\n<li>Ein Austritt ist jederzeit m\u00f6glich.<\/li>\n<li>Die B\u00fcndnispartner benennen feste Ansprechpartner und nehmen an den Arbeits- und Steuerungssitzungen des B\u00fcndnisses teil, wenn nicht dringliche Gr\u00fcnde dagegen sprechen.<\/li>\n<li>Die B\u00fcndnispartner organisieren die Arbeit des B\u00fcndnisses \u00fcber Steuerungssitzungen und Arbeitsgruppen. Einmal im Jahr wird das B\u00fcndnis um die strategischen Partner zu einer Netzwerksitzung erweitert.<\/li>\n<li>Die Steuerung des B\u00fcndnisses durch Vorbereitung und Durchf\u00fchrung der Sitzungen, Schriftverkehr und Aufbereitung der Ergebnisse \u00fcbernehmen gleichberechtigt die Partner solaris FZU gGmbH Sachsen und DC DuvierConsult GmbH bis zum 31. Dezember 2013. Die Versammlung bestimmt jeweils den Nachfolger in einem rotierenden System der Koordination. Es besteht die M\u00f6glichkeit, dass zwei Partner das B\u00fcndnis f\u00fchren.<\/li>\n<li>Die Unterschriftenberechtigung liegt bei den Gesch\u00e4ftsf\u00fchrern der Koordinatoren.<\/li>\n<li>Das Lokale B\u00fcndnis f\u00fcr Familie in Chemnitz verst\u00e4ndigt sich auf folgende Leitziele:\n<ul>\n<li>a) nachhaltige Verbesserung der Lebensbedingungen von Familien vor Ort,<\/li>\n<li>b) Verbesserung der Vereinbarkeit von Familie und Beruf,<\/li>\n<li>c) transparente Darstellung der Dienst- und Beratungsleistungen und Erleichterung des Zugangs f\u00fcr Familien,<\/li>\n<li>d) Initiierung und Unterst\u00fctzung von konkreten Vorhaben f\u00fcr Familien.<\/li>\n<\/ul>\n<\/li>\n<li>Die Umsetzung beruht auf einer engen Kooperation der Partner. Zudem setzt das B\u00fcndnis eigene Vorhaben um oder unterst\u00fctzt Angebote der Partner. Das B\u00fcndnis nimmt eine Steuerungs- und Koordinationsfunktion im Sinne der Leitziele in enger Abstimmung mit Stadtverwaltung und Wirtschaftsvertretern wahr.<\/li>\n<li>Das B\u00fcndnis vertritt die Interessen von Familien im \u00f6ffentlichen Raum.<\/li>\n<li>Die B\u00fcndnispartner unterst\u00fctzen die Ziele und Aktionen des Lokalen B\u00fcndnis f\u00fcr Familie in Chemnitz im Rahmen ihrer M\u00f6glichkeiten.<\/li>\n<li>Die konkrete T\u00e4tigkeit des B\u00fcndnisses wird jeweils im Jahresplan festgelegt.<\/li>\n<li>Die Rechtstr\u00e4ger der B\u00fcndnispartner best\u00e4tigen durch ihre Unterschrift die Mitgliedschaft im B\u00fcndnis und die Bereitschaft, im Sinne der B\u00fcndnisvereinbarung mitzuarbeiten.<\/li>\n<\/ol>\n<p>&nbsp;<\/p>\n","protected":false},"excerpt":{"rendered":"<p>Das B\u00fcndnis tr\u00e4gt die Bezeichnung \u201eLokales B\u00fcndnis f\u00fcr Familie in Chemnitz (LoB\u00fc-C)\u201c. Die B\u00fcndnispartner verst\u00e4ndigen sich auf ein Leitbild und unterst\u00fctzen die Umsetzung. Das B\u00fcndnis einigt sich auf ein Logo, das von allen Mitgliedern genutzt werden kann. Alle Partner sind gleichberechtigt. \u00dcber die Aufnahme neuer Partner entscheiden die Mitglieder mehrheitlich. Allen Partnern wird die Mitgliedschaft schriftlich best\u00e4tigt. Ein Austritt ist jederzeit m\u00f6glich. Die B\u00fcndnispartner benennen feste Ansprechpartner und nehmen an den Arbeits- und Steuerungssitzungen des B\u00fcndnisses teil, wenn nicht dringliche Gr\u00fcnde dagegen sprechen. Die B\u00fcndnispartner organisieren die Arbeit des B\u00fcndnisses \u00fcber Steuerungssitzungen und Arbeitsgruppen. Einmal im Jahr wird das B\u00fcndnis um die strategischen Partner zu einer Netzwerksitzung erweitert. Die Steuerung des B\u00fcndnisses durch Vorbereitung und Durchf\u00fchrung der Sitzungen, Schriftverkehr und Aufbereitung der Ergebnisse \u00fcbernehmen gleichberechtigt die Partner solaris FZU gGmbH Sachsen und DC DuvierConsult GmbH bis zum 31. Dezember 2013. Die Versammlung bestimmt jeweils den Nachfolger in einem rotierenden System der Koordination. Es besteht die M\u00f6glichkeit, dass zwei Partner das B\u00fcndnis f\u00fchren. Die Unterschriftenberechtigung liegt bei den Gesch\u00e4ftsf\u00fchrern der Koordinatoren. Das Lokale B\u00fcndnis f\u00fcr Familie in Chemnitz verst\u00e4ndigt sich auf folgende Leitziele: a) nachhaltige Verbesserung der Lebensbedingungen von Familien vor Ort, b) Verbesserung der Vereinbarkeit von Familie und Beruf, c) transparente Darstellung der Dienst- und Beratungsleistungen und Erleichterung des Zugangs f\u00fcr Familien, d) Initiierung und Unterst\u00fctzung von konkreten Vorhaben f\u00fcr Familien. Die Umsetzung beruht auf einer engen Kooperation der Partner. Zudem setzt das B\u00fcndnis eigene Vorhaben um oder unterst\u00fctzt Angebote der Partner. Das B\u00fcndnis nimmt eine Steuerungs- und Koordinationsfunktion im Sinne der Leitziele in enger Abstimmung mit Stadtverwaltung und Wirtschaftsvertretern wahr. Das B\u00fcndnis vertritt die Interessen von Familien im \u00f6ffentlichen Raum. Die B\u00fcndnispartner unterst\u00fctzen die Ziele und Aktionen des Lokalen B\u00fcndnis f\u00fcr Familie in Chemnitz im Rahmen ihrer M\u00f6glichkeiten. Die konkrete T\u00e4tigkeit des B\u00fcndnisses wird jeweils im Jahresplan festgelegt. Die Rechtstr\u00e4ger der B\u00fcndnispartner best\u00e4tigen durch ihre Unterschrift die Mitgliedschaft im B\u00fcndnis und die Bereitschaft, im Sinne der B\u00fcndnisvereinbarung mitzuarbeiten. &nbsp;<\/p>\n","protected":false},"author":3,"featured_media":0,"parent":9,"menu_order":2,"comment_status":"open","ping_status":"open","template":"template-fullwidth.php","meta":{"footnotes":""},"class_list":["post-31","page","type-page","status-publish","hentry"],"acf":[],"_links":{"self":[{"href":"https:\/\/chemnitz-familie.de\/index.php?rest_route=\/wp\/v2\/pages\/31","targetHints":{"allow":["GET"]}}],"collection":[{"href":"https:\/\/chemnitz-familie.de\/index.php?rest_route=\/wp\/v2\/pages"}],"about":[{"href":"https:\/\/chemnitz-familie.de\/index.php?rest_route=\/wp\/v2\/types\/page"}],"author":[{"embeddable":true,"href":"https:\/\/chemnitz-familie.de\/index.php?rest_route=\/wp\/v2\/users\/3"}],"replies":[{"embeddable":true,"href":"https:\/\/chemnitz-familie.de\/index.php?rest_route=%2Fwp%2Fv2%2Fcomments&post=31"}],"version-history":[{"count":3,"href":"https:\/\/chemnitz-familie.de\/index.php?rest_route=\/wp\/v2\/pages\/31\/revisions"}],"predecessor-version":[{"id":34,"href":"https:\/\/chemnitz-familie.de\/index.php?rest_route=\/wp\/v2\/pages\/31\/revisions\/34"}],"up":[{"embeddable":true,"href":"https:\/\/chemnitz-familie.de\/index.php?rest_route=\/wp\/v2\/pages\/9"}],"wp:attachment":[{"href":"https:\/\/chemnitz-familie.de\/index.php?rest_route=%2Fwp%2Fv2%2Fmedia&parent=31"}],"curies":[{"name":"wp","href":"https:\/\/api.w.org\/{rel}","templated":true}]}}